{"id":604,"date":"2024-11-12T09:59:46","date_gmt":"2024-11-12T08:59:46","guid":{"rendered":"https:\/\/pedropimentelnaturopata.com\/?page_id=604"},"modified":"2024-11-15T10:50:11","modified_gmt":"2024-11-15T09:50:11","slug":"protocolos","status":"publish","type":"page","link":"https:\/\/pedropimentelnaturopata.com\/index.php\/protocolos\/","title":{"rendered":"Protocolos"},"content":{"rendered":"\n<p class=\"has-text-align-center\">A trav\u00e9s de estas gu\u00edas queremos darte herramientas que te ayuden a complementar tus tratamientos contra las enfermedades que te est\u00e9s enfrentando, tenemos la certeza cient\u00edfica y emp\u00edrica que mejorar el funcionamiento de nuestro organismo es lo \u00fanico que nos garantiza el \u00e9xito a enfrentar las diferentes patolog\u00edas que nos puedan estar amenazando.<\/p>\n\n\n\n<p class=\"has-text-align-center\"><\/p>\n\n\n\n<div class=\"wp-block-columns is-layout-flex wp-container-core-columns-is-layout-28f84493 wp-block-columns-is-layout-flex\">\n<div class=\"wp-block-column is-layout-flow wp-block-column-is-layout-flow\">\n<h2 class=\"wp-block-heading has-text-align-center\">Gu\u00eda de alimentaci\u00f3n contra el Parkinson.<\/h2>\n\n\n\n<ul class=\"wp-block-list\">\n<li>Introducci\u00f3n a la dieta cetog\u00e9nica.<\/li>\n\n\n\n<li class=\"has-medium-font-size\">Comprende c\u00f3mo funciona y su impacto en el cerebro.<\/li>\n\n\n\n<li class=\"has-medium-font-size\">Plan de comidas de 4 semanas<\/li>\n\n\n\n<li class=\"has-medium-font-size\">Estructurado y f\u00e1cil de seguir, con listas de compras incluidas.<\/li>\n\n\n\n<li class=\"has-medium-font-size\">M\u00e1s de 50 recetas deliciosas<\/li>\n\n\n\n<li class=\"has-medium-font-size\">Desde sopas reconfortantes hasta platos principales sabrosos.<\/li>\n\n\n\n<li class=\"has-medium-font-size\">Consejos pr\u00e1cticos<\/li>\n\n\n\n<li class=\"has-medium-font-size\">Estrategias para superar obst\u00e1culos comunes al iniciar la dieta.<\/li>\n\n\n\n<li class=\"has-medium-font-size\">Gu\u00eda para maximizar resultados<\/li>\n\n\n\n<li class=\"has-medium-font-size\">C\u00f3mo adaptar la dieta a tus necesidades individuales<\/li>\n<\/ul>\n<\/div>\n\n\n\n<div class=\"wp-block-column is-layout-flow wp-block-column-is-layout-flow\">\n<figure class=\"wp-block-image size-full is-resized\"><img loading=\"lazy\" decoding=\"async\" width=\"512\" height=\"800\" src=\"https:\/\/pedropimentelnaturopata.com\/wp-content\/uploads\/2024\/11\/guia-de-alimentacion-contra-el-parkinson.png\" alt=\"\" class=\"wp-image-602\" style=\"width:499px;height:auto\" srcset=\"https:\/\/pedropimentelnaturopata.com\/wp-content\/uploads\/2024\/11\/guia-de-alimentacion-contra-el-parkinson.png 512w, https:\/\/pedropimentelnaturopata.com\/wp-content\/uploads\/2024\/11\/guia-de-alimentacion-contra-el-parkinson-192x300.png 192w\" sizes=\"auto, (max-width: 512px) 100vw, 512px\" \/><\/figure>\n<\/div>\n<\/div>\n\n\n\n<div class=\"wp-block-buttons is-content-justification-center is-layout-flex wp-container-core-buttons-is-layout-a89b3969 wp-block-buttons-is-layout-flex\">\n<div class=\"wp-block-button\"><a class=\"wp-block-button__link wp-element-button\" href=\"https:\/\/pedropimentelnaturopata.com\/index.php\/ketobrain\/\">Descarga tu gu\u00eda<\/a><\/div>\n<\/div>\n\n\n\n<div class=\"wp-block-columns is-layout-flex wp-container-core-columns-is-layout-28f84493 wp-block-columns-is-layout-flex\">\n<div class=\"wp-block-column is-layout-flow wp-block-column-is-layout-flow\">\n<figure class=\"wp-block-image size-full\"><img loading=\"lazy\" decoding=\"async\" width=\"512\" height=\"800\" src=\"https:\/\/pedropimentelnaturopata.com\/wp-content\/uploads\/2024\/09\/Black-Textured-Self-Help-Ebook-Cover.png\" alt=\"\" class=\"wp-image-533\" srcset=\"https:\/\/pedropimentelnaturopata.com\/wp-content\/uploads\/2024\/09\/Black-Textured-Self-Help-Ebook-Cover.png 512w, https:\/\/pedropimentelnaturopata.com\/wp-content\/uploads\/2024\/09\/Black-Textured-Self-Help-Ebook-Cover-192x300.png 192w\" sizes=\"auto, (max-width: 512px) 100vw, 512px\" \/><\/figure>\n<\/div>\n\n\n\n<div class=\"wp-block-column is-layout-flow wp-block-column-is-layout-flow\">\n<h2 class=\"wp-block-heading has-text-align-center\">Gu\u00eda de suplementaci\u00f3n contra el Parkinson<\/h2>\n\n\n\n<ul class=\"wp-block-list\">\n<li>La lista de todos los suplementos que est\u00e1n dando grandes resultados en la lucha contra el Parkinson.<\/li>\n\n\n\n<li>La descripci\u00f3n de cada uno de los suplementos y sus beneficios en la salud cerebral.<\/li>\n\n\n\n<li>La dosificaci\u00f3n con al que se puede comenzar la suplementaci\u00f3n.<\/li>\n\n\n\n<li>Los mejores horarios para consumirlos y tengamos mayores beneficios.<\/li>\n\n\n\n<li>La sinergia que existe entre ellos y como debemos combinarlos.<\/li>\n\n\n\n<li>La forma de agrupar los suplementos para poder usarlos todos en alg\u00fan momento.<\/li>\n\n\n\n<li>La lista de todos los  producto a un enlace de compra.<\/li>\n\n\n\n<li>La recomendaci\u00f3n de los mejores suplementos en funci\u00f3n calidad y precio.<\/li>\n<\/ul>\n<\/div>\n<\/div>\n\n\n\n<div class=\"wp-block-buttons is-content-justification-center is-layout-flex wp-container-core-buttons-is-layout-a89b3969 wp-block-buttons-is-layout-flex\">\n<div class=\"wp-block-button\"><a class=\"wp-block-button__link wp-element-button\" href=\"https:\/\/pedropimentelnaturopata.com\/index.php\/guia-de-suplementacion-contra-el-parkinson\/\">Descarga tu gu\u00eda<\/a><\/div>\n<\/div>\n\n\n\n<div class=\"wp-block-columns is-layout-flex wp-container-core-columns-is-layout-28f84493 wp-block-columns-is-layout-flex\">\n<div class=\"wp-block-column is-layout-flow wp-block-column-is-layout-flow\">\n<h2 class=\"wp-block-heading\">GUIA AYUNO CONTRA EL PARKINSON<\/h2>\n\n\n\n<p>Las enfermedades neurodegenerativas, como el Parkinson, el Alzheimer y otras demencias, son condiciones cr\u00f3nicas y progresivas que afectan a millones de personas en todo el mundo. Estas enfermedades se caracterizan por la degeneraci\u00f3n gradual de las c\u00e9lulas nerviosas, lo que conduce a un deterioro cognitivo y motor severo. Dada la naturaleza compleja y multifactorial de estas enfermedades, los enfoques terap\u00e9uticos que combinan la farmacolog\u00eda tradicional con estrategias nutricionales como el ayuno est\u00e1n ganando popularidad.<\/p>\n\n\n\n<p>El ayuno intermitente y el ayuno prolongado son patrones alimentarios que involucran per\u00edodos alternos de alimentaci\u00f3n y abstinencia de alimentos. Se ha demostrado que estos enfoques diet\u00e9ticos activan procesos celulares beneficiosos, como la autofagia, la reparaci\u00f3n celular y la resistencia al estr\u00e9s oxidativo, lo que puede contribuir a la salud cerebral y al manejo de enfermedades neurodegenerativas.<\/p>\n<\/div>\n\n\n\n<div class=\"wp-block-column is-layout-flow wp-block-column-is-layout-flow\">\n<figure class=\"wp-block-image size-full\"><img loading=\"lazy\" decoding=\"async\" width=\"512\" height=\"800\" src=\"https:\/\/pedropimentelnaturopata.com\/wp-content\/uploads\/2024\/11\/Minimalist-Simple-Brand-Guideline-Ebook-Cover-2.png\" alt=\"\" class=\"wp-image-619\" srcset=\"https:\/\/pedropimentelnaturopata.com\/wp-content\/uploads\/2024\/11\/Minimalist-Simple-Brand-Guideline-Ebook-Cover-2.png 512w, https:\/\/pedropimentelnaturopata.com\/wp-content\/uploads\/2024\/11\/Minimalist-Simple-Brand-Guideline-Ebook-Cover-2-192x300.png 192w\" sizes=\"auto, (max-width: 512px) 100vw, 512px\" \/><\/figure>\n<\/div>\n<\/div>\n\n\n\n<div class=\"wp-block-buttons is-content-justification-center is-layout-flex wp-container-core-buttons-is-layout-a89b3969 wp-block-buttons-is-layout-flex\">\n<div class=\"wp-block-button\"><a class=\"wp-block-button__link wp-element-button\" href=\"https:\/\/pedropimentelnaturopata.com\/index.php\/ayuno-contra-el-parkinson\/\">DESCARGA TU GUIA<\/a><\/div>\n<\/div>\n\n\n\n<div class=\"wp-block-columns is-layout-flex wp-container-core-columns-is-layout-28f84493 wp-block-columns-is-layout-flex\">\n<div class=\"wp-block-column is-layout-flow wp-block-column-is-layout-flow\">\n<figure class=\"wp-block-image size-full\"><img loading=\"lazy\" decoding=\"async\" width=\"512\" height=\"800\" src=\"https:\/\/pedropimentelnaturopata.com\/wp-content\/uploads\/2024\/11\/guia-de-alimentacion-contra-el-parkinson-2.png\" alt=\"\" class=\"wp-image-636\" srcset=\"https:\/\/pedropimentelnaturopata.com\/wp-content\/uploads\/2024\/11\/guia-de-alimentacion-contra-el-parkinson-2.png 512w, https:\/\/pedropimentelnaturopata.com\/wp-content\/uploads\/2024\/11\/guia-de-alimentacion-contra-el-parkinson-2-192x300.png 192w\" sizes=\"auto, (max-width: 512px) 100vw, 512px\" \/><\/figure>\n<\/div>\n\n\n\n<div class=\"wp-block-column is-layout-flow wp-block-column-is-layout-flow\">\n<h2 class=\"wp-block-heading\">Lo que esta gu\u00eda te ofrece para enfrentar al Parkinson:<\/h2>\n\n\n\n<h4 class=\"wp-block-heading\">El secreto mejor guardado para ralentizar la progresi\u00f3n del Parkinson<\/h4>\n\n\n\n<p>Descubre c\u00f3mo el ejercicio puede ayudar a retrasar el avance de la enfermedad.<\/p>\n\n\n\n<h4 class=\"wp-block-heading\">Ejercicios espec\u00edficos que combaten los s\u00edntomas m\u00e1s molestos<\/h4>\n\n\n\n<p>Aprende a aliviar los temblores, la rigidez y la lentitud de movimiento.<\/p>\n\n\n\n<h4 class=\"wp-block-heading\">C\u00f3mo dise\u00f1ar tu propio programa de ejercicios personalizado<\/h4>\n\n\n\n<p>Crea un plan de entrenamiento adaptado a tus necesidades y capacidades.<\/p>\n\n\n\n<h4 class=\"wp-block-heading\">T\u00e9cnicas de motivaci\u00f3n para mantener tu rutina de ejercicios<\/h4>\n\n\n\n<p>Mantente comprometido con tu programa de ejercicios a largo plazo.<\/p>\n<\/div>\n<\/div>\n\n\n\n<div class=\"wp-block-buttons is-content-justification-center is-layout-flex wp-container-core-buttons-is-layout-a89b3969 wp-block-buttons-is-layout-flex\">\n<div class=\"wp-block-button\"><a class=\"wp-block-button__link wp-element-button\" href=\"https:\/\/pedropimentelnaturopata.com\/index.php\/2024\/11\/15\/descubre-el-poder-transformador-del-ejercicio-en-el-parkinson\/\">DESCARGA TU GUIA<\/a><\/div>\n<\/div>\n\n\n\n<p><\/p>\n","protected":false},"excerpt":{"rendered":"<p>A trav\u00e9s de estas gu\u00edas queremos darte herramientas que te ayuden a complementar tus tratamientos contra las enfermedades que te est\u00e9s enfrentando, tenemos la certeza cient\u00edfica y emp\u00edrica que mejorar el funcionamiento de nuestro organismo es lo \u00fanico que nos garantiza el \u00e9xito a enfrentar las diferentes patolog\u00edas que nos puedan estar amenazando. Gu\u00eda de &hellip; <\/p>\n<p class=\"link-more\"><a href=\"https:\/\/pedropimentelnaturopata.com\/index.php\/protocolos\/\" class=\"more-link\">Leer m\u00e1s<span class=\"screen-reader-text\"> \u00abProtocolos\u00bb<\/span><\/a><\/p>\n","protected":false},"author":1,"featured_media":0,"parent":0,"menu_order":0,"comment_status":"closed","ping_status":"closed","template":"","meta":{"_kadence_starter_templates_imported_post":false,"footnotes":""},"class_list":["post-604","page","type-page","status-publish","hentry"],"_hostinger_reach_plugin_has_subscription_block":false,"_hostinger_reach_plugin_is_elementor":false,"jetpack_sharing_enabled":true,"_links":{"self":[{"href":"https:\/\/pedropimentelnaturopata.com\/index.php\/wp-json\/wp\/v2\/pages\/604","targetHints":{"allow":["GET"]}}],"collection":[{"href":"https:\/\/pedropimentelnaturopata.com\/index.php\/wp-json\/wp\/v2\/pages"}],"about":[{"href":"https:\/\/pedropimentelnaturopata.com\/index.php\/wp-json\/wp\/v2\/types\/page"}],"author":[{"embeddable":true,"href":"https:\/\/pedropimentelnaturopata.com\/index.php\/wp-json\/wp\/v2\/users\/1"}],"replies":[{"embeddable":true,"href":"https:\/\/pedropimentelnaturopata.com\/index.php\/wp-json\/wp\/v2\/comments?post=604"}],"version-history":[{"count":5,"href":"https:\/\/pedropimentelnaturopata.com\/index.php\/wp-json\/wp\/v2\/pages\/604\/revisions"}],"predecessor-version":[{"id":641,"href":"https:\/\/pedropimentelnaturopata.com\/index.php\/wp-json\/wp\/v2\/pages\/604\/revisions\/641"}],"wp:attachment":[{"href":"https:\/\/pedropimentelnaturopata.com\/index.php\/wp-json\/wp\/v2\/media?parent=604"}],"curies":[{"name":"wp","href":"https:\/\/api.w.org\/{rel}","templated":true}]}}