{"id":15,"date":"2024-01-21T18:46:48","date_gmt":"2024-01-21T17:46:48","guid":{"rendered":"https:\/\/pedropimentelnaturopata.com\/?page_id=15"},"modified":"2024-10-02T15:56:00","modified_gmt":"2024-10-02T13:56:00","slug":"inicio","status":"publish","type":"page","link":"https:\/\/pedropimentelnaturopata.com\/","title":{"rendered":"Con\u00f3cenos."},"content":{"rendered":"\n<h2 class=\"wp-block-heading has-text-align-center\">TRANSFORMA TU VIDA Y RECUPERA TU SALUD.<\/h2>\n\n\n\n<p class=\"has-text-align-center\"><font style=\"vertical-align: inherit;\"><font style=\"vertical-align: inherit;\">La libertad, la paz, la felicidad, el \u00e9xito son normalmente objetivos que buscamos en nuestras vidas, sin darnos cuenta que nada de esto se consigue ni se disfruta sin una buena salud, ya que si estamos enfermos si sufrimos alguna patolog\u00eda nos sentimos presos, esclavos de ella y no sentimos paz mucho menos felicidad y si tenemos \u00e9xito no lo podemos disfrutar, nuestra salud tiene mucho que ver con nuestro estilo de vida y muchas veces la perdemos buscando estos objetivos , nada de esto tiene sentido, es por este motivo que la base de todas nuestras intervenciones para ayudarte a mejorar tu salud, parte de cambiar tu estilo de vida ya que el que tienes hasta hoy te a llevado a donde est\u00e1s en este momento.<\/font><\/font><\/p>\n\n\n\n<blockquote class=\"wp-block-quote is-layout-flow wp-block-quote-is-layout-flow\">\n<p><em>Las enfermedades no nos llegan de la nada. Se desarrollan a partir de peque\u00f1os pecados diarios contra la Naturaleza. Cuando se hayan acumulado suficientes pecados, las enfermedades aparecer\u00e1n d\u00e9 repente<\/em>.<\/p>\n<cite>HIPOCRATES<\/cite><\/blockquote>\n\n\n\n<div class=\"wp-block-buttons is-content-justification-center is-layout-flex wp-container-core-buttons-is-layout-a89b3969 wp-block-buttons-is-layout-flex\">\n<div class=\"wp-block-button\"><a class=\"wp-block-button__link wp-element-button\" href=\"https:\/\/pedropimentelnaturopata.com\/index.php\/agenda-tu-cita\/\">AGENDA TU CITA<\/a><\/div>\n<\/div>\n\n\n\n<div style=\"height:100px\" aria-hidden=\"true\" class=\"wp-block-spacer\"><\/div>\n\n\n\n<h2 class=\"wp-block-heading has-text-align-center\">NUESTRO ABORDAJE TERAPEUTICO LO CENTRAMOS EN LA REGENERACION DEL METABOLISMO CELULAR.<\/h2>\n\n\n\n<div class=\"wp-block-columns is-layout-flex wp-container-core-columns-is-layout-28f84493 wp-block-columns-is-layout-flex\">\n<div class=\"wp-block-column is-layout-flow wp-block-column-is-layout-flow\">\n<figure class=\"wp-block-image size-full\"><img loading=\"lazy\" decoding=\"async\" width=\"299\" height=\"168\" src=\"https:\/\/pedropimentelnaturopata.com\/wp-content\/uploads\/2024\/02\/DIETA-SALUD.jpg\" alt=\"\" class=\"wp-image-271\"\/><\/figure>\n<\/div>\n\n\n\n<div class=\"wp-block-column is-vertically-aligned-center is-layout-flow wp-block-column-is-layout-flow\">\n<p>Toda enfermedad se podr\u00e1 superar o minimizar en sus s\u00edntomas, si logramos regenerar los sistemas de nuestro organismo, y para esto tenemos que regenerar nuestro metabolismo el cual es responsable del buen funcionamiento de todos ellos.<\/p>\n<\/div>\n<\/div>\n\n\n\n<div class=\"wp-block-columns is-layout-flex wp-container-core-columns-is-layout-28f84493 wp-block-columns-is-layout-flex\">\n<div class=\"wp-block-column is-vertically-aligned-center is-layout-flow wp-block-column-is-layout-flow\">\n<p>Nuestro metabolismo va a funcionar correctamente si le damos las herramientas que requiere, entre ellos los micronutrientes y oligoelementos que son fundamentales para nuestro cuerpo, de la misma manera ayudamos a nuestro organismo a eliminar elementos nocivos que hayamos acumulado durante todo nuestra vida, buscamos reducir la inflamaci\u00f3n de bajo grado de todo el organismo s\u00edntoma principal de la disfunci\u00f3n metab\u00f3lica.<\/p>\n\n\n\n<p>Para lograr esto nos enfocamos en herramientas terap\u00e9uticas como una super nutrici\u00f3n, ya que esto nos asegura el aporte correcto de los nutrientes necesaria para la regeneraci\u00f3n de nuestro metabolismo.<\/p>\n<\/div>\n\n\n\n<div class=\"wp-block-column is-layout-flow wp-block-column-is-layout-flow\">\n<figure class=\"wp-block-image size-large\"><img loading=\"lazy\" decoding=\"async\" width=\"1024\" height=\"640\" src=\"https:\/\/pedropimentelnaturopata.com\/wp-content\/uploads\/2024\/01\/dieta-equilibrada-y-saludable1-1080x675-1-1024x640.jpg\" alt=\"\" class=\"wp-image-77\" srcset=\"https:\/\/pedropimentelnaturopata.com\/wp-content\/uploads\/2024\/01\/dieta-equilibrada-y-saludable1-1080x675-1-1024x640.jpg 1024w, https:\/\/pedropimentelnaturopata.com\/wp-content\/uploads\/2024\/01\/dieta-equilibrada-y-saludable1-1080x675-1-600x375.jpg 600w, https:\/\/pedropimentelnaturopata.com\/wp-content\/uploads\/2024\/01\/dieta-equilibrada-y-saludable1-1080x675-1-300x188.jpg 300w, https:\/\/pedropimentelnaturopata.com\/wp-content\/uploads\/2024\/01\/dieta-equilibrada-y-saludable1-1080x675-1-768x480.jpg 768w, https:\/\/pedropimentelnaturopata.com\/wp-content\/uploads\/2024\/01\/dieta-equilibrada-y-saludable1-1080x675-1.jpg 1080w\" sizes=\"auto, (max-width: 1024px) 100vw, 1024px\" \/><\/figure>\n<\/div>\n<\/div>\n\n\n\n<div class=\"wp-block-columns is-layout-flex wp-container-core-columns-is-layout-28f84493 wp-block-columns-is-layout-flex\">\n<div class=\"wp-block-column is-layout-flow wp-block-column-is-layout-flow\">\n<p class=\"has-text-align-left\">Esto lo hacemos no solo a trav\u00e9s de la dieta, si no tambi\u00e9n dando soluci\u00f3n a los problemas digestivos, desintoxicando el organismo, limpiando el colon, el h\u00edgado, disminuyendo la acumulaci\u00f3n de metales pesados, recuperamos la calidad del sue\u00f1o, controlamos el estr\u00e9s diario, equilibramos nuestro microbioma, as\u00ed mismo las hormonas como la insulina, el cortisol, la testosterona y otros, organizamos un plan de entrenamiento f\u00edsico.<\/p>\n\n\n\n<p class=\"has-text-align-left\">Integrando todas estas herramientas terap\u00e9uticas y si realizamos un abordaje integral tenemos grandes posibilidades de superar cualquier patolog\u00eda.<\/p>\n<\/div>\n\n\n\n<div class=\"wp-block-column is-layout-flow wp-block-column-is-layout-flow\">\n<figure class=\"wp-block-image size-large\"><img loading=\"lazy\" decoding=\"async\" width=\"1024\" height=\"682\" src=\"https:\/\/pedropimentelnaturopata.com\/wp-content\/uploads\/2024\/01\/hands-5618240_1280-1024x682.jpg\" alt=\"\" class=\"wp-image-105\" srcset=\"https:\/\/pedropimentelnaturopata.com\/wp-content\/uploads\/2024\/01\/hands-5618240_1280-1024x682.jpg 1024w, https:\/\/pedropimentelnaturopata.com\/wp-content\/uploads\/2024\/01\/hands-5618240_1280-600x400.jpg 600w, https:\/\/pedropimentelnaturopata.com\/wp-content\/uploads\/2024\/01\/hands-5618240_1280-300x200.jpg 300w, https:\/\/pedropimentelnaturopata.com\/wp-content\/uploads\/2024\/01\/hands-5618240_1280.jpg 1280w\" sizes=\"auto, (max-width: 1024px) 100vw, 1024px\" \/><\/figure>\n<\/div>\n<\/div>\n\n\n\n<div style=\"height:100px\" aria-hidden=\"true\" class=\"wp-block-spacer\"><\/div>\n\n\n\n<div class=\"wp-block-buttons alignfull is-content-justification-center is-layout-flex wp-container-core-buttons-is-layout-a89b3969 wp-block-buttons-is-layout-flex\">\n<div class=\"wp-block-button\"><a class=\"wp-block-button__link has-text-align-center wp-element-button\" href=\"https:\/\/pedropimentelnaturopata.com\/index.php\/agenda-tu-cita\/\">AGENDA TU CITA<\/a><\/div>\n<\/div>\n\n\n\n<div style=\"height:100px\" aria-hidden=\"true\" class=\"wp-block-spacer\"><\/div>\n\n\n\n<div class=\"wp-block-columns container is-layout-flex wp-container-core-columns-is-layout-28f84493 wp-block-columns-is-layout-flex\">\n<div class=\"wp-block-column col-md-5 is-layout-flow wp-block-column-is-layout-flow\">\n<div style=\"height:55px\" aria-hidden=\"true\" class=\"wp-block-spacer\"><\/div>\n\n\n\n<h1 class=\"wp-block-heading\"><font style=\"vertical-align: inherit;\"><font style=\"vertical-align: inherit;\">ME PRESENT<\/font><\/font>O<font style=\"vertical-align: inherit;\"><font style=\"vertical-align: inherit;\">.<\/font><\/font><\/h1>\n\n\n\n<p>Soy Pedro PIMENTEL, Natur\u00f3pata experto en patolog\u00edas digestivas, microbioma intestinal, nutrici\u00f3n y suplementaci\u00f3n.<\/p>\n\n\n\n<p>Hace mas de 10 a\u00f1os llegue a este mundo de la medicina funcional, desde entonces e integrado este conocimiento, con mi formaci\u00f3n de natur\u00f3pata esto es lo que ofrezco a las personas que ayudo a superar sus problemas de salud y a enfrentar las enfermedades que puedan estar padeciendo, y si ya est\u00e1n recibiendo alguna terapia o alg\u00fan tratamiento medico, complementamos ese abordaje para que los resultados sean \u00f3ptimos ya que no se trata de curar una enfermedad en especial si no lo que buscamos es mejorar la salud en general y as\u00ed puedan tener una vida mas libre y feliz disfrutando de sus seres queridos .<\/p>\n<\/div>\n\n\n\n<div class=\"wp-block-column col-md-6 col-md-offset1 is-layout-flow wp-block-column-is-layout-flow\">\n<div style=\"height:100px\" aria-hidden=\"true\" class=\"wp-block-spacer\"><\/div>\n\n\n\n<figure class=\"wp-block-image size-full\"><img loading=\"lazy\" decoding=\"async\" width=\"517\" height=\"483\" src=\"https:\/\/pedropimentelnaturopata.com\/wp-content\/uploads\/2024\/01\/20230911_162629-removebg-preview.png\" alt=\"\" class=\"wp-image-76\" srcset=\"https:\/\/pedropimentelnaturopata.com\/wp-content\/uploads\/2024\/01\/20230911_162629-removebg-preview.png 517w, https:\/\/pedropimentelnaturopata.com\/wp-content\/uploads\/2024\/01\/20230911_162629-removebg-preview-300x280.png 300w\" sizes=\"auto, (max-width: 517px) 100vw, 517px\" \/><\/figure>\n<\/div>\n<\/div>\n\n\n\n<div class=\"wp-block-buttons is-content-justification-center is-layout-flex wp-container-core-buttons-is-layout-a89b3969 wp-block-buttons-is-layout-flex\">\n<div class=\"wp-block-button\"><a class=\"wp-block-button__link wp-element-button\" href=\"https:\/\/pedropimentelnaturopata.com\/index.php\/agenda-tu-cita\/\">AGENDA TU CITA<\/a><\/div>\n<\/div>\n\n\n\n<h2 class=\"wp-block-heading has-text-align-center\"><br><br>\u00bfCOMO CONTACTARNOS?.<\/h2>\n\n\n\n<h3 class=\"wp-block-heading\">El camino mas corto y r\u00e1pido es escribirnos v\u00eda WhatsApp y por este medio agendaremos su cita. +34638761273<\/h3>\n\n\n\n<h2 class=\"wp-block-heading has-text-align-center\">NUESTRO SISTEMA DE TRABAJO ES EL SIGUIENTE.<\/h2>\n\n\n\n<ol class=\"wp-block-list\">\n<li>ATENDEMOS DE FORMA ONLINE, ATRAVEZ DE VIDEO LLAMADAS.<\/li>\n\n\n\n<li>La 1era cita es de acercamiento, se trata de conocer su caso y de exponer nuestra forma de abordar las enfermedades.<\/li>\n\n\n\n<li>Una vez agendada la 2da cita, nosotros le enviaremos un cuestionario, el cual tienen que responder y renvi\u00e1rnoslo juntamente con sus pruebas medicas si es que la tiene.<\/li>\n\n\n\n<li>La duraci\u00f3n de la 1ra cita ser\u00e1 aproximadamente 1 hora.<\/li>\n\n\n\n<li>En la 2da cita conoceremos su caso mas en profundidad y le daremos directrices sobre las terapias que Ud. puede seguir, sin nuestro seguimiento ni asesor\u00eda.<\/li>\n\n\n\n<li>Le informaremos sobre nuestro abordaje monitorizado, el cual realiza las terapias que ofrecemos de manera personalizada.<\/li>\n\n\n\n<li>Si existe una 3ra cita, ser\u00e1 porque desea que las terapias sean integradas y monitorizadas por nosotros, entonces en esta cita se le entregaran las terapias personalizadas seg\u00fan sus necesidades.<\/li>\n\n\n\n<li>La duraci\u00f3n de esta segunda cita ser\u00e1 aproximadamente 1 hora.<\/li>\n\n\n\n<li>Las citas de seguimiento duraran menos tiempo, ya que ser\u00e1n para reajustar las terapias y para ver el progreso, si estamos cumpliendo con las metas que se\u00f1alemos.<\/li>\n\n\n\n<li>Las consultas urgentes y soluciones a dudas, se har\u00e1n a trav\u00e9s de WhatsApp Nro que se le brindara en la 2da cita.<\/li>\n<\/ol>\n\n\n\n<div style=\"height:100px\" aria-hidden=\"true\" class=\"wp-block-spacer\"><\/div>\n\n\n\n<div class=\"wp-block-buttons is-content-justification-center is-layout-flex wp-container-core-buttons-is-layout-a89b3969 wp-block-buttons-is-layout-flex\">\n<div class=\"wp-block-button\"><a class=\"wp-block-button__link has-text-align-center wp-element-button\" href=\"https:\/\/pedropimentelnaturopata.com\/index.php\/agenda-tu-cita\/\" target=\"_blank\" rel=\"noreferrer noopener\">AGENDA TU CITA<\/a><\/div>\n<\/div>\n\n\n\n<div style=\"height:100px\" aria-hidden=\"true\" class=\"wp-block-spacer\"><\/div>\n\n\n\n<h3 class=\"wp-block-heading\">DEJANOS TUS DATOS Y TE SEGUIREMOS DANDO INFORMACION.<\/h3>\n\n\n","protected":false},"excerpt":{"rendered":"<p>TRANSFORMA TU VIDA Y RECUPERA TU SALUD. La libertad, la paz, la felicidad, el \u00e9xito son normalmente objetivos que buscamos en nuestras vidas, sin darnos cuenta que nada de esto se consigue ni se disfruta sin una buena salud, ya que si estamos enfermos si sufrimos alguna patolog\u00eda nos sentimos presos, esclavos de ella y &hellip; <\/p>\n<p class=\"link-more\"><a href=\"https:\/\/pedropimentelnaturopata.com\/\" class=\"more-link\">Leer m\u00e1s<span class=\"screen-reader-text\"> \u00abCon\u00f3cenos.\u00bb<\/span><\/a><\/p>\n","protected":false},"author":1,"featured_media":0,"parent":0,"menu_order":0,"comment_status":"closed","ping_status":"closed","template":"","meta":{"_kadence_starter_templates_imported_post":false,"footnotes":""},"class_list":["post-15","page","type-page","status-publish","hentry"],"_hostinger_reach_plugin_has_subscription_block":false,"_hostinger_reach_plugin_is_elementor":false,"jetpack_sharing_enabled":true,"_links":{"self":[{"href":"https:\/\/pedropimentelnaturopata.com\/index.php\/wp-json\/wp\/v2\/pages\/15","targetHints":{"allow":["GET"]}}],"collection":[{"href":"https:\/\/pedropimentelnaturopata.com\/index.php\/wp-json\/wp\/v2\/pages"}],"about":[{"href":"https:\/\/pedropimentelnaturopata.com\/index.php\/wp-json\/wp\/v2\/types\/page"}],"author":[{"embeddable":true,"href":"https:\/\/pedropimentelnaturopata.com\/index.php\/wp-json\/wp\/v2\/users\/1"}],"replies":[{"embeddable":true,"href":"https:\/\/pedropimentelnaturopata.com\/index.php\/wp-json\/wp\/v2\/comments?post=15"}],"version-history":[{"count":58,"href":"https:\/\/pedropimentelnaturopata.com\/index.php\/wp-json\/wp\/v2\/pages\/15\/revisions"}],"predecessor-version":[{"id":647,"href":"https:\/\/pedropimentelnaturopata.com\/index.php\/wp-json\/wp\/v2\/pages\/15\/revisions\/647"}],"wp:attachment":[{"href":"https:\/\/pedropimentelnaturopata.com\/index.php\/wp-json\/wp\/v2\/media?parent=15"}],"curies":[{"name":"wp","href":"https:\/\/api.w.org\/{rel}","templated":true}]}}